{"id":576,"date":"2022-09-20T12:59:40","date_gmt":"2022-09-20T10:59:40","guid":{"rendered":"https:\/\/tyfencitacouture.com\/?page_id=576"},"modified":"2025-06-04T14:24:13","modified_gmt":"2025-06-04T12:24:13","slug":"cours-de-couture","status":"publish","type":"page","link":"https:\/\/tyfencitacouture.com\/index.php\/cours-de-couture\/","title":{"rendered":"Cours de couture"},"content":{"rendered":"\t\t<div data-elementor-type=\"wp-page\" data-elementor-id=\"576\" class=\"elementor elementor-576\" data-elementor-post-type=\"page\">\n\t\t\t\t\t\t<section class=\"elementor-section elementor-top-section elementor-element elementor-element-ed76146 elementor-section-boxed elementor-section-height-default elementor-section-height-default\" data-id=\"ed76146\" data-element_type=\"section\">\n\t\t\t\t\t\t<div class=\"elementor-container elementor-column-gap-default\">\n\t\t\t\t\t<div class=\"elementor-column elementor-col-100 elementor-top-column elementor-element elementor-element-0cdbe1f\" data-id=\"0cdbe1f\" data-element_type=\"column\">\n\t\t\t<div class=\"elementor-widget-wrap elementor-element-populated\">\n\t\t\t\t\t\t<div class=\"elementor-element elementor-element-4369b39 elementor-widget elementor-widget-heading\" data-id=\"4369b39\" data-element_type=\"widget\" data-widget_type=\"heading.default\">\n\t\t\t\t<div class=\"elementor-widget-container\">\n\t\t\t\t\t<h2 class=\"elementor-heading-title elementor-size-default\">Cours de Couture avec Tyfencita<\/h2>\t\t\t\t<\/div>\n\t\t\t\t<\/div>\n\t\t\t\t\t<\/div>\n\t\t<\/div>\n\t\t\t\t\t<\/div>\n\t\t<\/section>\n\t\t\t\t<section class=\"elementor-section elementor-top-section elementor-element elementor-element-61a5388 elementor-section-boxed elementor-section-height-default elementor-section-height-default\" data-id=\"61a5388\" data-element_type=\"section\">\n\t\t\t\t\t\t<div class=\"elementor-container elementor-column-gap-default\">\n\t\t\t\t\t<div class=\"elementor-column elementor-col-50 elementor-top-column elementor-element elementor-element-9f38f8e\" data-id=\"9f38f8e\" data-element_type=\"column\">\n\t\t\t<div class=\"elementor-widget-wrap elementor-element-populated\">\n\t\t\t\t\t\t<div class=\"elementor-element elementor-element-2b4ea15 elementor-widget elementor-widget-text-editor\" data-id=\"2b4ea15\" data-element_type=\"widget\" data-widget_type=\"text-editor.default\">\n\t\t\t\t<div class=\"elementor-widget-container\">\n\t\t\t\t\t\t\t\t\t<p><span style=\"font-weight: 400;\">Tyfencita Couture propose \u00e9galement dans son atelier des cours de couture pour vous permettre de r\u00e9aliser vos projets selon votre niveau. Une <\/span><b>aide personnalis\u00e9e<\/b><span style=\"font-weight: 400;\"> sera apport\u00e9e dans des <\/span><b>ateliers individuels ou par groupe de 2<\/b><span style=\"font-weight: 400;\">. Les cours sont adapt\u00e9s aux <\/span><b>petits comme aux grands<\/b><span style=\"font-weight: 400;\">.<\/span><\/p><p><span style=\"font-weight: 400;\">L\u2019atelier met ses <\/span><b>machines \u00e0 disposition<\/b><span style=\"font-weight: 400;\">, mais vous pouvez aussi venir avec votre propre machine pour pouvoir \u00eatre plus \u00e0 l\u2019aise ou pour apprendre \u00e0 utiliser la v\u00f4tre.\u00a0<\/span><\/p><p><span style=\"font-weight: 400;\">Des tissus peuvent \u00eatre propos\u00e9s pour d\u00e9panner, mais il est pr\u00e9f\u00e9rable de pr\u00e9voir ses propres tissus pour chaque projet afin qu\u2019ils soient adapt\u00e9s \u00e0 vos go\u00fbts. En revanche, le fil peut \u00eatre fourni si n\u00e9cessaire (nous trouverons forc\u00e9ment une couleur assortie dans la caverne de Tyfencita Couture). <\/span><\/p><p><span style=\"font-weight: 400;\">\u00a0<\/span><\/p><p><b>Tarifs \u00e0 l\u2019heure:<\/b><\/p><p><span style=\"font-weight: 400;\">\u00a0<\/span><span style=\"font-style: inherit; color: var( --e-global-color-text ); font-family: var( --e-global-typography-text-font-family ), Sans-serif;\">15\u20ac\/h pour 1 personne<\/span><\/p><p><span style=\"font-weight: 400;\">13\u20ac\/h\/personne pour un cours de 2 personnes<\/span><\/p><p><span style=\"font-weight: 400;\">\u00a0<\/span><b style=\"font-style: inherit; color: var( --e-global-color-text ); font-family: var( --e-global-typography-text-font-family ), Sans-serif;\">Forfaits:<\/b><\/p><p><span style=\"font-weight: 400;\">\u00a0<\/span><b style=\"font-style: inherit; color: var( --e-global-color-text ); font-family: var( --e-global-typography-text-font-family ), Sans-serif;\">3h <\/b><span style=\"font-style: inherit; color: var( --e-global-color-text ); font-family: var( --e-global-typography-text-font-family ), Sans-serif;\">&gt; 1 pers : 43.5\u20ac<\/span><\/p><p><span style=\"font-weight: 400;\">\u00a0\u00a0\u00a0\u00a0\u00a0&gt; 2 pers: 37.5 \/pers<\/span><\/p><p><span style=\"font-weight: 400;\">\u00a0<\/span><b style=\"font-style: inherit; color: var( --e-global-color-text ); font-family: var( --e-global-typography-text-font-family ), Sans-serif;\">4h<\/b><span style=\"font-style: inherit; color: var( --e-global-color-text ); font-family: var( --e-global-typography-text-font-family ), Sans-serif;\"> &gt; 1 pers: 56\u20ac<\/span><\/p><p><span style=\"font-weight: 400;\">\u00a0\u00a0\u00a0\u00a0\u00a0&gt; 2 pers: 48\u20ac \/pers<\/span><\/p><p><span style=\"font-weight: 400;\">\u00a0<\/span><b style=\"font-style: inherit; color: var( --e-global-color-text ); font-family: var( --e-global-typography-text-font-family ), Sans-serif;\">5h <\/b><span style=\"font-style: inherit; color: var( --e-global-color-text ); font-family: var( --e-global-typography-text-font-family ), Sans-serif;\">&gt; 1 pers: 67.5\u20ac<\/span><\/p><p><span style=\"font-weight: 400;\">\u00a0\u00a0\u00a0\u00a0\u00a0&gt; 2 pers: 57.5\u20ac \/pers<\/span><\/p><p><span style=\"font-weight: 400;\">\u00a0<\/span><b style=\"font-style: inherit; color: var( --e-global-color-text ); font-family: var( --e-global-typography-text-font-family ), Sans-serif;\">6h<\/b><span style=\"font-style: inherit; color: var( --e-global-color-text ); font-family: var( --e-global-typography-text-font-family ), Sans-serif;\"> &gt; 1 pers: 78\u20ac<\/span><\/p><p><span style=\"font-weight: 400;\">\u00a0\u00a0\u00a0\u00a0\u00a0&gt; 2 pers: 66\u20ac \/pers<\/span><\/p><p><span style=\"font-weight: 400;\">\u00a0<\/span><b style=\"font-style: inherit; color: var( --e-global-color-text ); font-family: var( --e-global-typography-text-font-family ), Sans-serif;\">Forfait \u00e0 l\u2019ann\u00e9e (pour les enfants) :<\/b><\/p><p><span style=\"font-weight: 400;\">\u00a0<\/span><span style=\"font-style: inherit; color: var( --e-global-color-text ); font-family: var( --e-global-typography-text-font-family ), Sans-serif;\">18 cours \u00e0 raison d\u2019environ deux cours de 2h par mois sur l\u2019ann\u00e9e scolaire : 230\u20ac<\/span><\/p><p><span style=\"font-weight: 400;\">\u00a0<\/span><\/p>\t\t\t\t\t\t\t\t<\/div>\n\t\t\t\t<\/div>\n\t\t\t\t\t<\/div>\n\t\t<\/div>\n\t\t\t\t<div class=\"elementor-column elementor-col-50 elementor-top-column elementor-element elementor-element-b282f6d\" data-id=\"b282f6d\" data-element_type=\"column\">\n\t\t\t<div class=\"elementor-widget-wrap elementor-element-populated\">\n\t\t\t\t\t\t<section class=\"elementor-section elementor-inner-section elementor-element elementor-element-d6c53d0 elementor-section-boxed elementor-section-height-default elementor-section-height-default\" data-id=\"d6c53d0\" data-element_type=\"section\">\n\t\t\t\t\t\t<div class=\"elementor-container elementor-column-gap-default\">\n\t\t\t\t\t<div class=\"elementor-column elementor-col-100 elementor-inner-column elementor-element elementor-element-6636e98\" data-id=\"6636e98\" data-element_type=\"column\">\n\t\t\t<div class=\"elementor-widget-wrap elementor-element-populated\">\n\t\t\t\t\t\t<div class=\"elementor-element elementor-element-c7c3eeb elementor-widget elementor-widget-image\" data-id=\"c7c3eeb\" data-element_type=\"widget\" data-widget_type=\"image.default\">\n\t\t\t\t<div class=\"elementor-widget-container\">\n\t\t\t\t\t\t\t\t\t\t\t\t\t\t\t<img fetchpriority=\"high\" decoding=\"async\" width=\"600\" height=\"800\" src=\"https:\/\/tyfencitacouture.com\/wp-content\/uploads\/2022\/09\/20190410_164855-600x800.jpg\" class=\"attachment-woocommerce_single size-woocommerce_single wp-image-580\" alt=\"\" srcset=\"https:\/\/tyfencitacouture.com\/wp-content\/uploads\/2022\/09\/20190410_164855-600x800.jpg 600w, https:\/\/tyfencitacouture.com\/wp-content\/uploads\/2022\/09\/20190410_164855-225x300.jpg 225w, https:\/\/tyfencitacouture.com\/wp-content\/uploads\/2022\/09\/20190410_164855-768x1024.jpg 768w, https:\/\/tyfencitacouture.com\/wp-content\/uploads\/2022\/09\/20190410_164855-1152x1536.jpg 1152w, https:\/\/tyfencitacouture.com\/wp-content\/uploads\/2022\/09\/20190410_164855-1536x2048.jpg 1536w, https:\/\/tyfencitacouture.com\/wp-content\/uploads\/2022\/09\/20190410_164855-scaled.jpg 1920w\" sizes=\"(max-width: 600px) 100vw, 600px\" \/>\t\t\t\t\t\t\t\t\t\t\t\t\t\t\t<\/div>\n\t\t\t\t<\/div>\n\t\t\t\t\t<\/div>\n\t\t<\/div>\n\t\t\t\t\t<\/div>\n\t\t<\/section>\n\t\t\t\t\t<\/div>\n\t\t<\/div>\n\t\t\t\t\t<\/div>\n\t\t<\/section>\n\t\t\t\t<section class=\"elementor-section elementor-top-section elementor-element elementor-element-dd4163c elementor-section-boxed elementor-section-height-default elementor-section-height-default\" data-id=\"dd4163c\" data-element_type=\"section\">\n\t\t\t\t\t\t<div class=\"elementor-container elementor-column-gap-default\">\n\t\t\t\t\t<div class=\"elementor-column elementor-col-100 elementor-top-column elementor-element elementor-element-dc4e454\" data-id=\"dc4e454\" data-element_type=\"column\">\n\t\t\t<div class=\"elementor-widget-wrap elementor-element-populated\">\n\t\t\t\t\t\t<div class=\"elementor-element elementor-element-c9326de elementor-widget elementor-widget-google_maps\" data-id=\"c9326de\" data-element_type=\"widget\" data-widget_type=\"google_maps.default\">\n\t\t\t\t<div class=\"elementor-widget-container\">\n\t\t\t\t\t\t\t<div class=\"elementor-custom-embed\">\n\t\t\t<iframe loading=\"lazy\"\n\t\t\t\t\tsrc=\"https:\/\/maps.google.com\/maps?q=10%20rue%20du%20P%C3%A8re%20Popi%C3%A9luszko%2044980%20Sainte%20Luce%20sur%20Loire&#038;t=m&#038;z=11&#038;output=embed&#038;iwloc=near\"\n\t\t\t\t\ttitle=\"10 rue du P\u00e8re Popi\u00e9luszko 44980 Sainte Luce sur Loire\"\n\t\t\t\t\taria-label=\"10 rue du P\u00e8re Popi\u00e9luszko 44980 Sainte Luce sur Loire\"\n\t\t\t><\/iframe>\n\t\t<\/div>\n\t\t\t\t\t\t<\/div>\n\t\t\t\t<\/div>\n\t\t\t\t<div class=\"elementor-element elementor-element-c7aba51 elementor-widget elementor-widget-heading\" data-id=\"c7aba51\" data-element_type=\"widget\" data-widget_type=\"heading.default\">\n\t\t\t\t<div class=\"elementor-widget-container\">\n\t\t\t\t\t<h2 class=\"elementor-heading-title elementor-size-default\">Pour r\u00e9server<\/h2>\t\t\t\t<\/div>\n\t\t\t\t<\/div>\n\t\t\t\t<div class=\"elementor-element elementor-element-e13a964 elementor-widget elementor-widget-text-editor\" data-id=\"e13a964\" data-element_type=\"widget\" data-widget_type=\"text-editor.default\">\n\t\t\t\t<div class=\"elementor-widget-container\">\n\t\t\t\t\t\t\t\t\t<p>Prenez contact avec moi au 06.81.74.67.92 et apr\u00e8s \u00e9change avec vous sur vos envies et besoins, nous conviendrons du forfait le plus adapt\u00e9.<\/p>\t\t\t\t\t\t\t\t<\/div>\n\t\t\t\t<\/div>\n\t\t\t\t\t<\/div>\n\t\t<\/div>\n\t\t\t\t\t<\/div>\n\t\t<\/section>\n\t\t\t\t<\/div>\n\t\t","protected":false},"excerpt":{"rendered":"<p>Cours de Couture avec Tyfencita Tyfencita Couture propose \u00e9galement dans son atelier des cours de couture pour vous permettre de r\u00e9aliser vos projets selon votre niveau. Une aide personnalis\u00e9e sera apport\u00e9e dans des ateliers individuels ou par groupe de 2. Les cours sont adapt\u00e9s aux petits comme aux grands. L\u2019atelier met ses machines \u00e0 disposition, &hellip;<\/p>\n<p class=\"read-more\"> <a class=\"\" href=\"https:\/\/tyfencitacouture.com\/index.php\/cours-de-couture\/\"> <span class=\"screen-reader-text\">Cours de couture<\/span> Lire la suite\u00a0\u00bb<\/a><\/p>\n","protected":false},"author":1,"featured_media":0,"parent":0,"menu_order":0,"comment_status":"closed","ping_status":"closed","template":"","meta":{"site-sidebar-layout":"no-sidebar","site-content-layout":"page-builder","ast-site-content-layout":"","site-content-style":"default","site-sidebar-style":"default","ast-global-header-display":"","ast-banner-title-visibility":"","ast-main-header-display":"","ast-hfb-above-header-display":"","ast-hfb-below-header-display":"","ast-hfb-mobile-header-display":"","site-post-title":"disabled","ast-breadcrumbs-content":"","ast-featured-img":"disabled","footer-sml-layout":"","theme-transparent-header-meta":"","adv-header-id-meta":"","stick-header-meta":"","header-above-stick-meta":"","header-main-stick-meta":"","header-below-stick-meta":"","astra-migrate-meta-layouts":"","footnotes":""},"_links":{"self":[{"href":"https:\/\/tyfencitacouture.com\/index.php\/wp-json\/wp\/v2\/pages\/576"}],"collection":[{"href":"https:\/\/tyfencitacouture.com\/index.php\/wp-json\/wp\/v2\/pages"}],"about":[{"href":"https:\/\/tyfencitacouture.com\/index.php\/wp-json\/wp\/v2\/types\/page"}],"author":[{"embeddable":true,"href":"https:\/\/tyfencitacouture.com\/index.php\/wp-json\/wp\/v2\/users\/1"}],"replies":[{"embeddable":true,"href":"https:\/\/tyfencitacouture.com\/index.php\/wp-json\/wp\/v2\/comments?post=576"}],"version-history":[{"count":34,"href":"https:\/\/tyfencitacouture.com\/index.php\/wp-json\/wp\/v2\/pages\/576\/revisions"}],"predecessor-version":[{"id":705,"href":"https:\/\/tyfencitacouture.com\/index.php\/wp-json\/wp\/v2\/pages\/576\/revisions\/705"}],"wp:attachment":[{"href":"https:\/\/tyfencitacouture.com\/index.php\/wp-json\/wp\/v2\/media?parent=576"}],"curies":[{"name":"wp","href":"https:\/\/api.w.org\/{rel}","templated":true}]}}