{"id":84,"date":"2021-03-12T17:07:35","date_gmt":"2021-03-12T16:07:35","guid":{"rendered":"https:\/\/tyfencitacouture.com\/?page_id=84"},"modified":"2023-09-22T19:03:56","modified_gmt":"2023-09-22T17:03:56","slug":"elementor-84","status":"publish","type":"page","link":"https:\/\/tyfencitacouture.com\/index.php\/elementor-84\/","title":{"rendered":"Qui suis-je?"},"content":{"rendered":"\t\t<div data-elementor-type=\"wp-page\" data-elementor-id=\"84\" class=\"elementor elementor-84\" data-elementor-post-type=\"page\">\n\t\t\t\t\t\t<section class=\"elementor-section elementor-top-section elementor-element elementor-element-c62b86f elementor-section-boxed elementor-section-height-default elementor-section-height-default\" data-id=\"c62b86f\" data-element_type=\"section\">\n\t\t\t\t\t\t<div class=\"elementor-container elementor-column-gap-default\">\n\t\t\t\t\t<div class=\"elementor-column elementor-col-100 elementor-top-column elementor-element elementor-element-ceab7c8\" data-id=\"ceab7c8\" data-element_type=\"column\">\n\t\t\t<div class=\"elementor-widget-wrap elementor-element-populated\">\n\t\t\t\t\t\t<div class=\"elementor-element elementor-element-fb14fde elementor-widget elementor-widget-heading\" data-id=\"fb14fde\" data-element_type=\"widget\" data-widget_type=\"heading.default\">\n\t\t\t\t<div class=\"elementor-widget-container\">\n\t\t\t\t\t<h2 class=\"elementor-heading-title elementor-size-xl\">Qui suis-je?<\/h2>\t\t\t\t<\/div>\n\t\t\t\t<\/div>\n\t\t\t\t\t<\/div>\n\t\t<\/div>\n\t\t\t\t\t<\/div>\n\t\t<\/section>\n\t\t\t\t<section class=\"elementor-section elementor-top-section elementor-element elementor-element-047f4a5 elementor-section-boxed elementor-section-height-default elementor-section-height-default\" data-id=\"047f4a5\" data-element_type=\"section\">\n\t\t\t\t\t\t<div class=\"elementor-container elementor-column-gap-default\">\n\t\t\t\t\t<div class=\"elementor-column elementor-col-100 elementor-top-column elementor-element elementor-element-c4c026b\" data-id=\"c4c026b\" data-element_type=\"column\">\n\t\t\t<div class=\"elementor-widget-wrap\">\n\t\t\t\t\t\t\t<\/div>\n\t\t<\/div>\n\t\t\t\t\t<\/div>\n\t\t<\/section>\n\t\t\t\t<section class=\"elementor-section elementor-top-section elementor-element elementor-element-29dc195 elementor-section-boxed elementor-section-height-default elementor-section-height-default\" data-id=\"29dc195\" data-element_type=\"section\">\n\t\t\t\t\t\t<div class=\"elementor-container elementor-column-gap-default\">\n\t\t\t\t\t<div class=\"elementor-column elementor-col-100 elementor-top-column elementor-element elementor-element-55c09e9\" data-id=\"55c09e9\" data-element_type=\"column\">\n\t\t\t<div class=\"elementor-widget-wrap elementor-element-populated\">\n\t\t\t\t\t\t<div class=\"elementor-element elementor-element-05ba04f elementor-widget elementor-widget-image\" data-id=\"05ba04f\" data-element_type=\"widget\" data-widget_type=\"image.default\">\n\t\t\t\t<div class=\"elementor-widget-container\">\n\t\t\t\t\t\t\t\t\t\t\t\t\t\t\t<img fetchpriority=\"high\" decoding=\"async\" width=\"225\" height=\"300\" src=\"https:\/\/tyfencitacouture.com\/wp-content\/uploads\/2021\/03\/Resized_20200607_135419-1-225x300.jpeg\" class=\"attachment-medium size-medium wp-image-105\" alt=\"\" srcset=\"https:\/\/tyfencitacouture.com\/wp-content\/uploads\/2021\/03\/Resized_20200607_135419-1-225x300.jpeg 225w, https:\/\/tyfencitacouture.com\/wp-content\/uploads\/2021\/03\/Resized_20200607_135419-1-416x555.jpeg 416w, https:\/\/tyfencitacouture.com\/wp-content\/uploads\/2021\/03\/Resized_20200607_135419-1.jpeg 720w\" sizes=\"(max-width: 225px) 100vw, 225px\" \/>\t\t\t\t\t\t\t\t\t\t\t\t\t\t\t<\/div>\n\t\t\t\t<\/div>\n\t\t\t\t<div class=\"elementor-element elementor-element-8df32a9 elementor-widget elementor-widget-text-editor\" data-id=\"8df32a9\" data-element_type=\"widget\" data-widget_type=\"text-editor.default\">\n\t\t\t\t<div class=\"elementor-widget-container\">\n\t\t\t\t\t\t\t\t\t<p>Professeur d&rsquo;espagnol dans un lyc\u00e9e nantais, je suis aussi une passionn\u00e9e de couture et de tricot depuis toujours. Autodidacte en la mati\u00e8re et m\u00e8re de deux filles et un gar\u00e7on, l&rsquo;univers enfantin est pour moi une grande source d&rsquo;inspiration.\u00a0<\/p><p>En fl\u00e2nant dans les magasins, sur le net, dans les magazines, de nombreuses id\u00e9es fusent dans ma t\u00eate!<\/p><p>Je couds principalement des accessoires et doudous pour ma famille et mes amis.\u00a0<\/p><p><em>\u00ab\u00a0Chaque pi\u00e8ce est unique comme chaque enfant, c&rsquo;est ce qui rend si belles les cr\u00e9ations artisanales.\u00a0\u00bb<\/em><\/p><p>Je me suis \u00e9galement lanc\u00e9e en 2021 dans la confection de produits z\u00e9ro d\u00e9chet afin de confectionner quelques produits pour une boutique de Thouar\u00e9.\u00a0<\/p><p>La m\u00eame ann\u00e9e, j&rsquo;ai d\u00e9cid\u00e9 de partager mes confections sur mon site internet cr\u00e9\u00e9 avec la pr\u00e9cieuse aide d&rsquo;\u00e9l\u00e8ves du lyc\u00e9e d&rsquo;une option Sciences du num\u00e9rique et technologie.\u00a0<\/p><p>En 2022-2023, j&rsquo;ai pu obtenir un cong\u00e9 de formation afin de me former plus sp\u00e9cifiquement dans la confection de v\u00eatements. J&rsquo;ai obtenu mon CAP \u00ab\u00a0couture flou\u00a0\u00bb en juin 2023.<\/p><p>Vous trouverez sur ce site ce que je suis capable de faire, mais n&rsquo;h\u00e9sitez pas \u00e0 me faire des demandes personnalis\u00e9es car j&rsquo;aime aussi les challenges.<\/p><p>\u00a0<\/p>\t\t\t\t\t\t\t\t<\/div>\n\t\t\t\t<\/div>\n\t\t\t\t\t<\/div>\n\t\t<\/div>\n\t\t\t\t\t<\/div>\n\t\t<\/section>\n\t\t\t\t<\/div>\n\t\t","protected":false},"excerpt":{"rendered":"<p>Qui suis-je? Professeur d&rsquo;espagnol dans un lyc\u00e9e nantais, je suis aussi une passionn\u00e9e de couture et de tricot depuis toujours. Autodidacte en la mati\u00e8re et m\u00e8re de deux filles et un gar\u00e7on, l&rsquo;univers enfantin est pour moi une grande source d&rsquo;inspiration.\u00a0 En fl\u00e2nant dans les magasins, sur le net, dans les magazines, de nombreuses id\u00e9es &hellip;<\/p>\n<p class=\"read-more\"> <a class=\"\" href=\"https:\/\/tyfencitacouture.com\/index.php\/elementor-84\/\"> <span class=\"screen-reader-text\">Qui suis-je?<\/span> Lire la suite\u00a0\u00bb<\/a><\/p>\n","protected":false},"author":1,"featured_media":0,"parent":0,"menu_order":0,"comment_status":"closed","ping_status":"closed","template":"elementor_header_footer","meta":{"site-sidebar-layout":"default","site-content-layout":"","ast-site-content-layout":"","site-content-style":"default","site-sidebar-style":"default","ast-global-header-display":"","ast-banner-title-visibility":"","ast-main-header-display":"","ast-hfb-above-header-display":"","ast-hfb-below-header-display":"","ast-hfb-mobile-header-display":"","site-post-title":"","ast-breadcrumbs-content":"","ast-featured-img":"","footer-sml-layout":"","theme-transparent-header-meta":"","adv-header-id-meta":"","stick-header-meta":"","header-above-stick-meta":"","header-main-stick-meta":"","header-below-stick-meta":"","astra-migrate-meta-layouts":"","footnotes":""},"_links":{"self":[{"href":"https:\/\/tyfencitacouture.com\/index.php\/wp-json\/wp\/v2\/pages\/84"}],"collection":[{"href":"https:\/\/tyfencitacouture.com\/index.php\/wp-json\/wp\/v2\/pages"}],"about":[{"href":"https:\/\/tyfencitacouture.com\/index.php\/wp-json\/wp\/v2\/types\/page"}],"author":[{"embeddable":true,"href":"https:\/\/tyfencitacouture.com\/index.php\/wp-json\/wp\/v2\/users\/1"}],"replies":[{"embeddable":true,"href":"https:\/\/tyfencitacouture.com\/index.php\/wp-json\/wp\/v2\/comments?post=84"}],"version-history":[{"count":32,"href":"https:\/\/tyfencitacouture.com\/index.php\/wp-json\/wp\/v2\/pages\/84\/revisions"}],"predecessor-version":[{"id":669,"href":"https:\/\/tyfencitacouture.com\/index.php\/wp-json\/wp\/v2\/pages\/84\/revisions\/669"}],"wp:attachment":[{"href":"https:\/\/tyfencitacouture.com\/index.php\/wp-json\/wp\/v2\/media?parent=84"}],"curies":[{"name":"wp","href":"https:\/\/api.w.org\/{rel}","templated":true}]}}