{"id":270,"date":"2021-04-12T17:42:00","date_gmt":"2021-04-12T15:42:00","guid":{"rendered":"https:\/\/tyfencitacouture.com\/?post_type=product&#038;p=270"},"modified":"2021-05-07T17:49:00","modified_gmt":"2021-05-07T15:49:00","slug":"eponge-lavable-3","status":"publish","type":"product","link":"https:\/\/tyfencitacouture.com\/index.php\/produit\/eponge-lavable-3\/","title":{"rendered":"Eponge lavable"},"content":{"rendered":"<p><span style=\"font-weight: 400;\">\u00c9ponges pratiques qui permettent d&rsquo;entretenir cuisine et salle de bain de mani\u00e8re \u00e9cologique.\u00a0<\/span><\/p>\n<p><span style=\"font-weight: 400;\">Elles sont r\u00e9sistantes et lavables en machine \u00e0 40\u00b0<\/span><\/p>\n<p>&nbsp;<\/p>\n<p><b>Composition :<\/b><\/p>\n<p><span style=\"font-weight: 400;\">\u00c9ponge de bambou <\/span><span style=\"font-weight: 400;\">\u00a0certifi\u00e9 Oeko Tex <\/span><span style=\"font-weight: 400;\">et cotonnade color\u00e9e au gr\u00e9 de l\u2019inspiration<\/span><\/p>\n<p><span style=\"font-weight: 400;\">Rembourrage en mousse recyclable.<\/span><\/p>\n<p>&nbsp;<\/p>\n<p><b>Conseil d\u2019entretien:<\/b><\/p>\n<p><span style=\"font-weight: 400;\">Lavable en machine, pas de s\u00e8che linge<\/span><\/p>\n","protected":false},"excerpt":{"rendered":"<p>\u00c9ponges pratiques qui permettent d&rsquo;entretenir cuisine et salle de bain de mani\u00e8re \u00e9cologique.\u00a0 Elles sont r\u00e9sistantes et lavables en machine \u00e0 40\u00b0 &nbsp; Composition : \u00c9ponge de bambou \u00a0certifi\u00e9 Oeko Tex et cotonnade color\u00e9e au gr\u00e9 de l\u2019inspiration Rembourrage en mousse recyclable. &nbsp; Conseil d\u2019entretien: Lavable en machine, pas de s\u00e8che linge<\/p>\n","protected":false},"featured_media":271,"comment_status":"open","ping_status":"closed","template":"","meta":{"site-sidebar-layout":"default","site-content-layout":"","ast-site-content-layout":"","site-content-style":"default","site-sidebar-style":"default","ast-global-header-display":"","ast-banner-title-visibility":"","ast-main-header-display":"","ast-hfb-above-header-display":"","ast-hfb-below-header-display":"","ast-hfb-mobile-header-display":"","site-post-title":"","ast-breadcrumbs-content":"","ast-featured-img":"","footer-sml-layout":"","theme-transparent-header-meta":"","adv-header-id-meta":"","stick-header-meta":"","header-above-stick-meta":"","header-main-stick-meta":"","header-below-stick-meta":"","astra-migrate-meta-layouts":""},"product_cat":[17],"product_tag":[],"_links":{"self":[{"href":"https:\/\/tyfencitacouture.com\/index.php\/wp-json\/wp\/v2\/product\/270"}],"collection":[{"href":"https:\/\/tyfencitacouture.com\/index.php\/wp-json\/wp\/v2\/product"}],"about":[{"href":"https:\/\/tyfencitacouture.com\/index.php\/wp-json\/wp\/v2\/types\/product"}],"replies":[{"embeddable":true,"href":"https:\/\/tyfencitacouture.com\/index.php\/wp-json\/wp\/v2\/comments?post=270"}],"wp:featuredmedia":[{"embeddable":true,"href":"https:\/\/tyfencitacouture.com\/index.php\/wp-json\/wp\/v2\/media\/271"}],"wp:attachment":[{"href":"https:\/\/tyfencitacouture.com\/index.php\/wp-json\/wp\/v2\/media?parent=270"}],"wp:term":[{"taxonomy":"product_cat","embeddable":true,"href":"https:\/\/tyfencitacouture.com\/index.php\/wp-json\/wp\/v2\/product_cat?post=270"},{"taxonomy":"product_tag","embeddable":true,"href":"https:\/\/tyfencitacouture.com\/index.php\/wp-json\/wp\/v2\/product_tag?post=270"}],"curies":[{"name":"wp","href":"https:\/\/api.w.org\/{rel}","templated":true}]}}