{"id":543,"date":"2021-05-01T15:35:01","date_gmt":"2021-05-01T13:35:01","guid":{"rendered":"https:\/\/tyfencitacouture.com\/?post_type=product&#038;p=543"},"modified":"2026-03-02T02:36:49","modified_gmt":"2026-03-02T01:36:49","slug":"cartable-maternelle","status":"publish","type":"product","link":"https:\/\/tyfencitacouture.com\/index.php\/produit\/cartable-maternelle\/","title":{"rendered":"Cartable maternelle"},"content":{"rendered":"<p>Ce cartable tout en douceur est id\u00e9al pour une entr\u00e9e en maternelle. Sa forme de cartable classique permettra aux enfants de faire comme les grands en le mettant sur le dos et les bretelles \u00e9voluent au fur et \u00e0 mesure que l&rsquo;enfant grandit. Son aspect velours est doux et l&rsquo;int\u00e9rieur color\u00e9 adapt\u00e9 au monde de l&rsquo;enfance. Le pr\u00e9nom de l&rsquo;enfant est inscrit sur le rabat de mani\u00e8re \u00e0 ne le confondre avec aucun autre. Sa fermeture \u00e0 scratch conviendra tr\u00e8s bien aux enfants qui font leur premi\u00e8re rentr\u00e9e puis elle pourra \u00e9voluer en fermeture \u00e0 boutons pour plus de solidit\u00e9 d\u00e8s que l&rsquo;enfant sera pr\u00eat. Il est possible de l&rsquo;assortir avec l&rsquo;indispensable trousse \u00e0 go\u00fbter.<\/p>\n<p>Ce cartable se fait sur commande aux coloris que vous souhaitez.<\/p>\n<p>Ext\u00e9rieur: velours c\u00f4tel\u00e9 color\u00e9<\/p>\n<p>Int\u00e9rieur: coton<\/p>\n<p>Dim: 30&#215;34 cm<\/p>\n","protected":false},"excerpt":{"rendered":"<p>Ce cartable tout en douceur est id\u00e9al pour une entr\u00e9e en maternelle. Sa forme de cartable classique permettra aux enfants de faire comme les grands en le mettant sur le dos et les bretelles \u00e9voluent au fur et \u00e0 mesure que l&rsquo;enfant grandit. Son aspect velours est doux et l&rsquo;int\u00e9rieur color\u00e9 adapt\u00e9 au monde de &hellip;<\/p>\n<p class=\"read-more\"> <a class=\"\" href=\"https:\/\/tyfencitacouture.com\/index.php\/produit\/cartable-maternelle\/\"> <span class=\"screen-reader-text\">Cartable maternelle<\/span> Lire la suite\u00a0\u00bb<\/a><\/p>\n","protected":false},"featured_media":544,"comment_status":"open","ping_status":"closed","template":"","meta":{"site-sidebar-layout":"default","site-content-layout":"default","ast-site-content-layout":"default","site-content-style":"default","site-sidebar-style":"default","ast-global-header-display":"","ast-banner-title-visibility":"","ast-main-header-display":"","ast-hfb-above-header-display":"","ast-hfb-below-header-display":"","ast-hfb-mobile-header-display":"","site-post-title":"","ast-breadcrumbs-content":"","ast-featured-img":"","footer-sml-layout":"","theme-transparent-header-meta":"default","adv-header-id-meta":"","stick-header-meta":"","header-above-stick-meta":"","header-main-stick-meta":"","header-below-stick-meta":"","astra-migrate-meta-layouts":"set"},"product_cat":[29],"product_tag":[],"_links":{"self":[{"href":"https:\/\/tyfencitacouture.com\/index.php\/wp-json\/wp\/v2\/product\/543"}],"collection":[{"href":"https:\/\/tyfencitacouture.com\/index.php\/wp-json\/wp\/v2\/product"}],"about":[{"href":"https:\/\/tyfencitacouture.com\/index.php\/wp-json\/wp\/v2\/types\/product"}],"replies":[{"embeddable":true,"href":"https:\/\/tyfencitacouture.com\/index.php\/wp-json\/wp\/v2\/comments?post=543"}],"wp:featuredmedia":[{"embeddable":true,"href":"https:\/\/tyfencitacouture.com\/index.php\/wp-json\/wp\/v2\/media\/544"}],"wp:attachment":[{"href":"https:\/\/tyfencitacouture.com\/index.php\/wp-json\/wp\/v2\/media?parent=543"}],"wp:term":[{"taxonomy":"product_cat","embeddable":true,"href":"https:\/\/tyfencitacouture.com\/index.php\/wp-json\/wp\/v2\/product_cat?post=543"},{"taxonomy":"product_tag","embeddable":true,"href":"https:\/\/tyfencitacouture.com\/index.php\/wp-json\/wp\/v2\/product_tag?post=543"}],"curies":[{"name":"wp","href":"https:\/\/api.w.org\/{rel}","templated":true}]}}