{"id":570,"date":"2021-05-01T16:52:34","date_gmt":"2021-05-01T14:52:34","guid":{"rendered":"https:\/\/tyfencitacouture.com\/?post_type=product&#038;p=570"},"modified":"2026-02-15T21:37:08","modified_gmt":"2026-02-15T20:37:08","slug":"trousse-a-gouter","status":"publish","type":"product","link":"https:\/\/tyfencitacouture.com\/index.php\/produit\/trousse-a-gouter\/","title":{"rendered":"Trousse \u00e0 go\u00fbter"},"content":{"rendered":"<p>Petite trousse en velours c\u00f4tel\u00e9 pour transporter le go\u00fbter dans le cartable. Avec sa bouille rigolote, il fera le bonheur des enfants de maternelle. Elle peut aussi servir de trousse \u00e0 crayons.<\/p>\n<p>Tissu ext\u00e9rieur: velours c\u00f4tel\u00e9 avec appliqu\u00e9s coton<\/p>\n<p>Tissu int\u00e9rieur: coton<\/p>\n<p>Dim: 21&#215;16 cm<\/p>\n","protected":false},"excerpt":{"rendered":"<p>Petite trousse en velours c\u00f4tel\u00e9 pour transporter le go\u00fbter dans le cartable. Avec sa bouille rigolote, il fera le bonheur des enfants de maternelle. Elle peut aussi servir de trousse \u00e0 crayons. Tissu ext\u00e9rieur: velours c\u00f4tel\u00e9 avec appliqu\u00e9s coton Tissu int\u00e9rieur: coton Dim: 21&#215;16 cm<\/p>\n","protected":false},"featured_media":572,"comment_status":"open","ping_status":"closed","template":"","meta":{"site-sidebar-layout":"default","site-content-layout":"default","ast-site-content-layout":"default","site-content-style":"default","site-sidebar-style":"default","ast-global-header-display":"","ast-banner-title-visibility":"","ast-main-header-display":"","ast-hfb-above-header-display":"","ast-hfb-below-header-display":"","ast-hfb-mobile-header-display":"","site-post-title":"","ast-breadcrumbs-content":"","ast-featured-img":"","footer-sml-layout":"","theme-transparent-header-meta":"default","adv-header-id-meta":"","stick-header-meta":"","header-above-stick-meta":"","header-main-stick-meta":"","header-below-stick-meta":"","astra-migrate-meta-layouts":"set"},"product_cat":[26],"product_tag":[],"_links":{"self":[{"href":"https:\/\/tyfencitacouture.com\/index.php\/wp-json\/wp\/v2\/product\/570"}],"collection":[{"href":"https:\/\/tyfencitacouture.com\/index.php\/wp-json\/wp\/v2\/product"}],"about":[{"href":"https:\/\/tyfencitacouture.com\/index.php\/wp-json\/wp\/v2\/types\/product"}],"replies":[{"embeddable":true,"href":"https:\/\/tyfencitacouture.com\/index.php\/wp-json\/wp\/v2\/comments?post=570"}],"wp:featuredmedia":[{"embeddable":true,"href":"https:\/\/tyfencitacouture.com\/index.php\/wp-json\/wp\/v2\/media\/572"}],"wp:attachment":[{"href":"https:\/\/tyfencitacouture.com\/index.php\/wp-json\/wp\/v2\/media?parent=570"}],"wp:term":[{"taxonomy":"product_cat","embeddable":true,"href":"https:\/\/tyfencitacouture.com\/index.php\/wp-json\/wp\/v2\/product_cat?post=570"},{"taxonomy":"product_tag","embeddable":true,"href":"https:\/\/tyfencitacouture.com\/index.php\/wp-json\/wp\/v2\/product_tag?post=570"}],"curies":[{"name":"wp","href":"https:\/\/api.w.org\/{rel}","templated":true}]}}