{"id":675,"date":"2023-09-23T13:32:29","date_gmt":"2023-09-23T11:32:29","guid":{"rendered":"https:\/\/tyfencitacouture.com\/?post_type=product&#038;p=675"},"modified":"2026-03-06T11:32:23","modified_gmt":"2026-03-06T10:32:23","slug":"mini-trousse-a-woodies","status":"publish","type":"product","link":"https:\/\/tyfencitacouture.com\/index.php\/produit\/mini-trousse-a-woodies\/","title":{"rendered":"Mini trousse \u00e0 woodies"},"content":{"rendered":"<p>La pochette parfaite pour transporter 4 crayons woodies, aussi bien dans la poche que dans son sac. Cet mini trousse permet de ranger 4 crayons woodies. Chaque crayon se glisse dans un compartiment qui l&rsquo;isole des autres. Elle se ferme gr\u00e2ce \u00e0 un \u00e9lastique et s&rsquo;adapte facilement \u00e0 la taille des woodies.<\/p>\n<p><img fetchpriority=\"high\" decoding=\"async\" class=\"alignnone size-medium wp-image-672\" src=\"https:\/\/tyfencitacouture.com\/wp-content\/uploads\/2023\/09\/IMG20230922122731-226x300.jpg\" alt=\"\" width=\"226\" height=\"300\" srcset=\"https:\/\/tyfencitacouture.com\/wp-content\/uploads\/2023\/09\/IMG20230922122731-226x300.jpg 226w, https:\/\/tyfencitacouture.com\/wp-content\/uploads\/2023\/09\/IMG20230922122731-771x1024.jpg 771w, https:\/\/tyfencitacouture.com\/wp-content\/uploads\/2023\/09\/IMG20230922122731-768x1020.jpg 768w, https:\/\/tyfencitacouture.com\/wp-content\/uploads\/2023\/09\/IMG20230922122731-1157x1536.jpg 1157w, https:\/\/tyfencitacouture.com\/wp-content\/uploads\/2023\/09\/IMG20230922122731-1542x2048.jpg 1542w, https:\/\/tyfencitacouture.com\/wp-content\/uploads\/2023\/09\/IMG20230922122731-600x797.jpg 600w, https:\/\/tyfencitacouture.com\/wp-content\/uploads\/2023\/09\/IMG20230922122731-scaled.jpg 1928w\" sizes=\"(max-width: 226px) 100vw, 226px\" \/> <img decoding=\"async\" class=\"alignnone size-medium wp-image-677\" src=\"https:\/\/tyfencitacouture.com\/wp-content\/uploads\/2023\/09\/IMG20230922122851-300x226.jpg\" alt=\"\" width=\"300\" height=\"226\" srcset=\"https:\/\/tyfencitacouture.com\/wp-content\/uploads\/2023\/09\/IMG20230922122851-300x226.jpg 300w, https:\/\/tyfencitacouture.com\/wp-content\/uploads\/2023\/09\/IMG20230922122851-1024x771.jpg 1024w, https:\/\/tyfencitacouture.com\/wp-content\/uploads\/2023\/09\/IMG20230922122851-768x578.jpg 768w, https:\/\/tyfencitacouture.com\/wp-content\/uploads\/2023\/09\/IMG20230922122851-1536x1157.jpg 1536w, https:\/\/tyfencitacouture.com\/wp-content\/uploads\/2023\/09\/IMG20230922122851-2048x1542.jpg 2048w, https:\/\/tyfencitacouture.com\/wp-content\/uploads\/2023\/09\/IMG20230922122851-600x452.jpg 600w\" sizes=\"(max-width: 300px) 100vw, 300px\" \/><\/p>\n<p>&nbsp;<\/p>\n","protected":false},"excerpt":{"rendered":"<p>La pochette parfaite pour transporter 4 crayons woodies, aussi bien dans la poche que dans son sac. Cet mini trousse permet de ranger 4 crayons woodies. Chaque crayon se glisse dans un compartiment qui l&rsquo;isole des autres. Elle se ferme gr\u00e2ce \u00e0 un \u00e9lastique et s&rsquo;adapte facilement \u00e0 la taille des woodies. &nbsp;<\/p>\n","protected":false},"featured_media":676,"comment_status":"open","ping_status":"closed","template":"","meta":{"site-sidebar-layout":"default","site-content-layout":"","ast-site-content-layout":"default","site-content-style":"default","site-sidebar-style":"default","ast-global-header-display":"","ast-banner-title-visibility":"","ast-main-header-display":"","ast-hfb-above-header-display":"","ast-hfb-below-header-display":"","ast-hfb-mobile-header-display":"","site-post-title":"","ast-breadcrumbs-content":"","ast-featured-img":"","footer-sml-layout":"","theme-transparent-header-meta":"default","adv-header-id-meta":"","stick-header-meta":"","header-above-stick-meta":"","header-main-stick-meta":"","header-below-stick-meta":"","astra-migrate-meta-layouts":"set"},"product_cat":[32,31],"product_tag":[],"_links":{"self":[{"href":"https:\/\/tyfencitacouture.com\/index.php\/wp-json\/wp\/v2\/product\/675"}],"collection":[{"href":"https:\/\/tyfencitacouture.com\/index.php\/wp-json\/wp\/v2\/product"}],"about":[{"href":"https:\/\/tyfencitacouture.com\/index.php\/wp-json\/wp\/v2\/types\/product"}],"replies":[{"embeddable":true,"href":"https:\/\/tyfencitacouture.com\/index.php\/wp-json\/wp\/v2\/comments?post=675"}],"wp:featuredmedia":[{"embeddable":true,"href":"https:\/\/tyfencitacouture.com\/index.php\/wp-json\/wp\/v2\/media\/676"}],"wp:attachment":[{"href":"https:\/\/tyfencitacouture.com\/index.php\/wp-json\/wp\/v2\/media?parent=675"}],"wp:term":[{"taxonomy":"product_cat","embeddable":true,"href":"https:\/\/tyfencitacouture.com\/index.php\/wp-json\/wp\/v2\/product_cat?post=675"},{"taxonomy":"product_tag","embeddable":true,"href":"https:\/\/tyfencitacouture.com\/index.php\/wp-json\/wp\/v2\/product_tag?post=675"}],"curies":[{"name":"wp","href":"https:\/\/api.w.org\/{rel}","templated":true}]}}